{"id":1818,"date":"2024-01-07T16:31:11","date_gmt":"2024-01-07T19:31:11","guid":{"rendered":"https:\/\/hseguridad.cl\/?post_type=product&#038;p=1818"},"modified":"2024-01-07T16:32:54","modified_gmt":"2024-01-07T19:32:54","slug":"botin-explorer-d35-antiacido-negro","status":"publish","type":"product","link":"https:\/\/hseguridad.cl\/?product=botin-explorer-d35-antiacido-negro","title":{"rendered":"Bot\u00edn Explorer D35 Anti\u00e1cido Negro"},"content":{"rendered":"<p>Calzados de excelente resistencia a los hidrocarburos y \u00e1cidos en general, muy buena adaptaci\u00f3n a bajas temperaturas y por sobre todo una gran comodidad de uso, especialmente dise\u00f1adas para todo tipo de trabajos industriales. Confeccionada en cuero hidrofugado con recubrimiento de poliuretano que le otorga una gran una resistencia al desgarro y mayor tracci\u00f3n. Puntera de acero templado, de acuerdo a NCh 772\/2 y suela de caucho resistente a hidrocarburos y abrasi\u00f3n.<\/p>\n","protected":false},"excerpt":{"rendered":"<p>Calzados de excelente resistencia a los hidrocarburos y \u00e1cidos en general, muy buena adaptaci\u00f3n a bajas temperaturas y por sobre todo una gran comodidad de uso, especialmente dise\u00f1adas para todo tipo de trabajos industriales. Confeccionada en cuero hidrofugado con recubrimiento de poliuretano que le otorga una gran una resistencia al desgarro y mayor tracci\u00f3n. Puntera [&hellip;]<\/p>\n","protected":false},"featured_media":1812,"comment_status":"open","ping_status":"closed","template":"","meta":{"site-sidebar-layout":"default","site-content-layout":"default","ast-site-content-layout":"","site-content-style":"default","site-sidebar-style":"default","ast-global-header-display":"","ast-banner-title-visibility":"","ast-main-header-display":"","ast-hfb-above-header-display":"","ast-hfb-below-header-display":"","ast-hfb-mobile-header-display":"","site-post-title":"","ast-breadcrumbs-content":"","ast-featured-img":"","footer-sml-layout":"","theme-transparent-header-meta":"default","adv-header-id-meta":"","stick-header-meta":"","header-above-stick-meta":"","header-main-stick-meta":"","header-below-stick-meta":"","astra-migrate-meta-layouts":"default","ast-page-background-enabled":"default","ast-page-background-meta":{"desktop":{"background-color":"","background-image":"","background-repeat":"repeat","background-position":"center center","background-size":"auto","background-attachment":"scroll","background-type":"","background-media":"","overlay-type":"","overlay-color":"","overlay-gradient":""},"tablet":{"background-color":"","background-image":"","background-repeat":"repeat","background-position":"center center","background-size":"auto","background-attachment":"scroll","background-type":"","background-media":"","overlay-type":"","overlay-color":"","overlay-gradient":""},"mobile":{"background-color":"","background-image":"","background-repeat":"repeat","background-position":"center center","background-size":"auto","background-attachment":"scroll","background-type":"","background-media":"","overlay-type":"","overlay-color":"","overlay-gradient":""}},"ast-content-background-meta":{"desktop":{"background-color":"var(--ast-global-color-5)","background-image":"","background-repeat":"repeat","background-position":"center center","background-size":"auto","background-attachment":"scroll","background-type":"","background-media":"","overlay-type":"","overlay-color":"","overlay-gradient":""},"tablet":{"background-color":"var(--ast-global-color-5)","background-image":"","background-repeat":"repeat","background-position":"center center","background-size":"auto","background-attachment":"scroll","background-type":"","background-media":"","overlay-type":"","overlay-color":"","overlay-gradient":""},"mobile":{"background-color":"var(--ast-global-color-5)","background-image":"","background-repeat":"repeat","background-position":"center center","background-size":"auto","background-attachment":"scroll","background-type":"","background-media":"","overlay-type":"","overlay-color":"","overlay-gradient":""}},"_joinchat":[]},"product_cat":[19,30],"product_tag":[],"_links":{"self":[{"href":"https:\/\/hseguridad.cl\/index.php?rest_route=\/wp\/v2\/product\/1818"}],"collection":[{"href":"https:\/\/hseguridad.cl\/index.php?rest_route=\/wp\/v2\/product"}],"about":[{"href":"https:\/\/hseguridad.cl\/index.php?rest_route=\/wp\/v2\/types\/product"}],"replies":[{"embeddable":true,"href":"https:\/\/hseguridad.cl\/index.php?rest_route=%2Fwp%2Fv2%2Fcomments&post=1818"}],"wp:featuredmedia":[{"embeddable":true,"href":"https:\/\/hseguridad.cl\/index.php?rest_route=\/wp\/v2\/media\/1812"}],"wp:attachment":[{"href":"https:\/\/hseguridad.cl\/index.php?rest_route=%2Fwp%2Fv2%2Fmedia&parent=1818"}],"wp:term":[{"taxonomy":"product_cat","embeddable":true,"href":"https:\/\/hseguridad.cl\/index.php?rest_route=%2Fwp%2Fv2%2Fproduct_cat&post=1818"},{"taxonomy":"product_tag","embeddable":true,"href":"https:\/\/hseguridad.cl\/index.php?rest_route=%2Fwp%2Fv2%2Fproduct_tag&post=1818"}],"curies":[{"name":"wp","href":"https:\/\/api.w.org\/{rel}","templated":true}]}}