{"id":1434,"date":"2023-08-08T05:18:37","date_gmt":"2023-08-08T03:18:37","guid":{"rendered":"https:\/\/hseguridad.cl\/?post_type=product&#038;p=1434"},"modified":"2024-05-22T06:54:59","modified_gmt":"2024-05-22T10:54:59","slug":"senal-piso-mojado","status":"publish","type":"product","link":"https:\/\/hseguridad.cl\/?product=senal-piso-mojado","title":{"rendered":"Se\u00f1al Piso Mojado"},"content":{"rendered":"<p>Se\u00f1al de prevenci\u00f3n, en piso mojado, elementos indispensables para reducir la accidentalidad en \u00e1reas de tr\u00e1fico peatonal, necesarias para comunicar el riesgo de accidente por pisos h\u00famedos o \u00e1reas cerradas por mantenimiento, livianas para mayor facilidad al transportarlas, s\u00edmbolos claros y textos en para una mejor comunicaci\u00f3n con el usuario.<\/p>\n<ul>\n<li>Tipo: Se\u00f1al\u00e9tica<\/li>\n<li>Medidas: 31\u00d728 cm<\/li>\n<li>Material: Pl\u00e1stico<\/li>\n<li>Dise\u00f1o llamativo que incluye letras claras y el contraste necesario para una mejor visualizaci\u00f3n.<\/li>\n<\/ul>\n","protected":false},"excerpt":{"rendered":"<p>Se\u00f1al Piso Mojado<\/p>\n","protected":false},"featured_media":1435,"comment_status":"open","ping_status":"closed","template":"","meta":{"site-sidebar-layout":"default","site-content-layout":"default","ast-site-content-layout":"default","site-content-style":"default","site-sidebar-style":"default","ast-global-header-display":"","ast-banner-title-visibility":"","ast-main-header-display":"","ast-hfb-above-header-display":"","ast-hfb-below-header-display":"","ast-hfb-mobile-header-display":"","site-post-title":"","ast-breadcrumbs-content":"","ast-featured-img":"","footer-sml-layout":"","theme-transparent-header-meta":"default","adv-header-id-meta":"","stick-header-meta":"","header-above-stick-meta":"","header-main-stick-meta":"","header-below-stick-meta":"","astra-migrate-meta-layouts":"set","ast-page-background-enabled":"default","ast-page-background-meta":{"desktop":{"background-color":"","background-image":"","background-repeat":"repeat","background-position":"center center","background-size":"auto","background-attachment":"scroll","background-type":"","background-media":"","overlay-type":"","overlay-color":"","overlay-gradient":""},"tablet":{"background-color":"","background-image":"","background-repeat":"repeat","background-position":"center center","background-size":"auto","background-attachment":"scroll","background-type":"","background-media":"","overlay-type":"","overlay-color":"","overlay-gradient":""},"mobile":{"background-color":"","background-image":"","background-repeat":"repeat","background-position":"center center","background-size":"auto","background-attachment":"scroll","background-type":"","background-media":"","overlay-type":"","overlay-color":"","overlay-gradient":""}},"ast-content-background-meta":{"desktop":{"background-color":"var(--ast-global-color-5)","background-image":"","background-repeat":"repeat","background-position":"center center","background-size":"auto","background-attachment":"scroll","background-type":"","background-media":"","overlay-type":"","overlay-color":"","overlay-gradient":""},"tablet":{"background-color":"var(--ast-global-color-5)","background-image":"","background-repeat":"repeat","background-position":"center center","background-size":"auto","background-attachment":"scroll","background-type":"","background-media":"","overlay-type":"","overlay-color":"","overlay-gradient":""},"mobile":{"background-color":"var(--ast-global-color-5)","background-image":"","background-repeat":"repeat","background-position":"center center","background-size":"auto","background-attachment":"scroll","background-type":"","background-media":"","overlay-type":"","overlay-color":"","overlay-gradient":""}},"_joinchat":[]},"product_cat":[33,34],"product_tag":[],"_links":{"self":[{"href":"https:\/\/hseguridad.cl\/index.php?rest_route=\/wp\/v2\/product\/1434"}],"collection":[{"href":"https:\/\/hseguridad.cl\/index.php?rest_route=\/wp\/v2\/product"}],"about":[{"href":"https:\/\/hseguridad.cl\/index.php?rest_route=\/wp\/v2\/types\/product"}],"replies":[{"embeddable":true,"href":"https:\/\/hseguridad.cl\/index.php?rest_route=%2Fwp%2Fv2%2Fcomments&post=1434"}],"wp:featuredmedia":[{"embeddable":true,"href":"https:\/\/hseguridad.cl\/index.php?rest_route=\/wp\/v2\/media\/1435"}],"wp:attachment":[{"href":"https:\/\/hseguridad.cl\/index.php?rest_route=%2Fwp%2Fv2%2Fmedia&parent=1434"}],"wp:term":[{"taxonomy":"product_cat","embeddable":true,"href":"https:\/\/hseguridad.cl\/index.php?rest_route=%2Fwp%2Fv2%2Fproduct_cat&post=1434"},{"taxonomy":"product_tag","embeddable":true,"href":"https:\/\/hseguridad.cl\/index.php?rest_route=%2Fwp%2Fv2%2Fproduct_tag&post=1434"}],"curies":[{"name":"wp","href":"https:\/\/api.w.org\/{rel}","templated":true}]}}