{"id":1402,"date":"2023-08-08T00:11:31","date_gmt":"2023-08-07T22:11:31","guid":{"rendered":"https:\/\/hseguridad.cl\/?post_type=product&#038;p=1402"},"modified":"2023-08-08T00:13:40","modified_gmt":"2023-08-07T22:13:40","slug":"cono-de-seguridad-antiviento-36%e2%80%b3-2","status":"publish","type":"product","link":"https:\/\/hseguridad.cl\/?product=cono-de-seguridad-antiviento-36%e2%80%b3-2","title":{"rendered":"Cono de Seguridad Antiviento 36\u2033"},"content":{"rendered":"<p class=\"product_title entry-title\">Cono Reflectante Antiviento 36\u2033<\/p>\n","protected":false},"excerpt":{"rendered":"<p>Cono de Se\u00f1alizaci\u00f3n Vial para ser utilizado en autopistas, carreteras o v\u00edas r\u00e1pidas, fabricado en PVC flexible de alta resistencia, doble cintas reflectantes diamantadas de 2\u2033, base pesada y sistema antivientos (soporta de mejor manera los vientos laterales producidos por el paso de veh\u00edculos), resistentes a condiciones clim\u00e1ticas, impactos y aplastamientos, f\u00e1cil de apilar. Cumple norma del MOP.<\/p>\n","protected":false},"featured_media":1399,"comment_status":"open","ping_status":"closed","template":"","meta":{"site-sidebar-layout":"default","site-content-layout":"default","ast-site-content-layout":"","site-content-style":"default","site-sidebar-style":"default","ast-global-header-display":"","ast-banner-title-visibility":"","ast-main-header-display":"","ast-hfb-above-header-display":"","ast-hfb-below-header-display":"","ast-hfb-mobile-header-display":"","site-post-title":"","ast-breadcrumbs-content":"","ast-featured-img":"","footer-sml-layout":"","theme-transparent-header-meta":"default","adv-header-id-meta":"","stick-header-meta":"","header-above-stick-meta":"","header-main-stick-meta":"","header-below-stick-meta":"","astra-migrate-meta-layouts":"default","ast-page-background-enabled":"default","ast-page-background-meta":{"desktop":{"background-color":"","background-image":"","background-repeat":"repeat","background-position":"center center","background-size":"auto","background-attachment":"scroll","background-type":"","background-media":"","overlay-type":"","overlay-color":"","overlay-gradient":""},"tablet":{"background-color":"","background-image":"","background-repeat":"repeat","background-position":"center center","background-size":"auto","background-attachment":"scroll","background-type":"","background-media":"","overlay-type":"","overlay-color":"","overlay-gradient":""},"mobile":{"background-color":"","background-image":"","background-repeat":"repeat","background-position":"center center","background-size":"auto","background-attachment":"scroll","background-type":"","background-media":"","overlay-type":"","overlay-color":"","overlay-gradient":""}},"ast-content-background-meta":{"desktop":{"background-color":"var(--ast-global-color-5)","background-image":"","background-repeat":"repeat","background-position":"center center","background-size":"auto","background-attachment":"scroll","background-type":"","background-media":"","overlay-type":"","overlay-color":"","overlay-gradient":""},"tablet":{"background-color":"var(--ast-global-color-5)","background-image":"","background-repeat":"repeat","background-position":"center center","background-size":"auto","background-attachment":"scroll","background-type":"","background-media":"","overlay-type":"","overlay-color":"","overlay-gradient":""},"mobile":{"background-color":"var(--ast-global-color-5)","background-image":"","background-repeat":"repeat","background-position":"center center","background-size":"auto","background-attachment":"scroll","background-type":"","background-media":"","overlay-type":"","overlay-color":"","overlay-gradient":""}},"_joinchat":[]},"product_cat":[33,34],"product_tag":[],"_links":{"self":[{"href":"https:\/\/hseguridad.cl\/index.php?rest_route=\/wp\/v2\/product\/1402"}],"collection":[{"href":"https:\/\/hseguridad.cl\/index.php?rest_route=\/wp\/v2\/product"}],"about":[{"href":"https:\/\/hseguridad.cl\/index.php?rest_route=\/wp\/v2\/types\/product"}],"replies":[{"embeddable":true,"href":"https:\/\/hseguridad.cl\/index.php?rest_route=%2Fwp%2Fv2%2Fcomments&post=1402"}],"wp:featuredmedia":[{"embeddable":true,"href":"https:\/\/hseguridad.cl\/index.php?rest_route=\/wp\/v2\/media\/1399"}],"wp:attachment":[{"href":"https:\/\/hseguridad.cl\/index.php?rest_route=%2Fwp%2Fv2%2Fmedia&parent=1402"}],"wp:term":[{"taxonomy":"product_cat","embeddable":true,"href":"https:\/\/hseguridad.cl\/index.php?rest_route=%2Fwp%2Fv2%2Fproduct_cat&post=1402"},{"taxonomy":"product_tag","embeddable":true,"href":"https:\/\/hseguridad.cl\/index.php?rest_route=%2Fwp%2Fv2%2Fproduct_tag&post=1402"}],"curies":[{"name":"wp","href":"https:\/\/api.w.org\/{rel}","templated":true}]}}