{"id":1328,"date":"2023-08-04T21:47:50","date_gmt":"2023-08-04T19:47:50","guid":{"rendered":"https:\/\/hseguridad.cl\/?post_type=product&#038;p=1328"},"modified":"2023-08-04T21:54:11","modified_gmt":"2023-08-04T19:54:11","slug":"casco-con-roller","status":"publish","type":"product","link":"https:\/\/hseguridad.cl\/?product=casco-con-roller","title":{"rendered":"Casco con roller"},"content":{"rendered":"<div>Casco de obra ABS. Forma innovadora de gorra de baseball que proporciona una mayor visi\u00f3n vertical. Sometido a tests con visera llevada hacia delante o hacia atr\u00e1s, para menos estorbo. Arn\u00e9s interior de poliamida\u00a0: 3 bandas textiles con 8 puntos de fijaci\u00f3n. Sudadera de esponja. Sistema de ajuste Rotor : circunferencia de la cabeza de 53 \u00e0 63 cm. 2 posiciones posibles de contorno (alto\/bajo) para un mejor confort. Aislamiento el\u00e9ctrico hasta 1000 VAC o 1500 VCC.<\/div>\n<div><\/div>\n<section class=\"blocContenu\">\n<div>Desempe\u00f1o -30\u00b0C y norma EN397:2012 efectivas a partir de las partidas de producci\u00f3n del 03\/2016.<\/div>\n<\/section>\n","protected":false},"excerpt":{"rendered":"<p class=\"product-title\">Casco Diamond V Deltaplus c\/roller<\/p>\n","protected":false},"featured_media":1330,"comment_status":"open","ping_status":"closed","template":"","meta":{"site-sidebar-layout":"default","site-content-layout":"default","ast-site-content-layout":"","site-content-style":"default","site-sidebar-style":"default","ast-global-header-display":"","ast-banner-title-visibility":"","ast-main-header-display":"","ast-hfb-above-header-display":"","ast-hfb-below-header-display":"","ast-hfb-mobile-header-display":"","site-post-title":"","ast-breadcrumbs-content":"","ast-featured-img":"","footer-sml-layout":"","theme-transparent-header-meta":"default","adv-header-id-meta":"","stick-header-meta":"","header-above-stick-meta":"","header-main-stick-meta":"","header-below-stick-meta":"","astra-migrate-meta-layouts":"default","ast-page-background-enabled":"default","ast-page-background-meta":{"desktop":{"background-color":"","background-image":"","background-repeat":"repeat","background-position":"center center","background-size":"auto","background-attachment":"scroll","background-type":"","background-media":"","overlay-type":"","overlay-color":"","overlay-gradient":""},"tablet":{"background-color":"","background-image":"","background-repeat":"repeat","background-position":"center center","background-size":"auto","background-attachment":"scroll","background-type":"","background-media":"","overlay-type":"","overlay-color":"","overlay-gradient":""},"mobile":{"background-color":"","background-image":"","background-repeat":"repeat","background-position":"center center","background-size":"auto","background-attachment":"scroll","background-type":"","background-media":"","overlay-type":"","overlay-color":"","overlay-gradient":""}},"ast-content-background-meta":{"desktop":{"background-color":"var(--ast-global-color-5)","background-image":"","background-repeat":"repeat","background-position":"center center","background-size":"auto","background-attachment":"scroll","background-type":"","background-media":"","overlay-type":"","overlay-color":"","overlay-gradient":""},"tablet":{"background-color":"var(--ast-global-color-5)","background-image":"","background-repeat":"repeat","background-position":"center center","background-size":"auto","background-attachment":"scroll","background-type":"","background-media":"","overlay-type":"","overlay-color":"","overlay-gradient":""},"mobile":{"background-color":"var(--ast-global-color-5)","background-image":"","background-repeat":"repeat","background-position":"center center","background-size":"auto","background-attachment":"scroll","background-type":"","background-media":"","overlay-type":"","overlay-color":"","overlay-gradient":""}},"_joinchat":[]},"product_cat":[30,20],"product_tag":[],"_links":{"self":[{"href":"https:\/\/hseguridad.cl\/index.php?rest_route=\/wp\/v2\/product\/1328"}],"collection":[{"href":"https:\/\/hseguridad.cl\/index.php?rest_route=\/wp\/v2\/product"}],"about":[{"href":"https:\/\/hseguridad.cl\/index.php?rest_route=\/wp\/v2\/types\/product"}],"replies":[{"embeddable":true,"href":"https:\/\/hseguridad.cl\/index.php?rest_route=%2Fwp%2Fv2%2Fcomments&post=1328"}],"wp:featuredmedia":[{"embeddable":true,"href":"https:\/\/hseguridad.cl\/index.php?rest_route=\/wp\/v2\/media\/1330"}],"wp:attachment":[{"href":"https:\/\/hseguridad.cl\/index.php?rest_route=%2Fwp%2Fv2%2Fmedia&parent=1328"}],"wp:term":[{"taxonomy":"product_cat","embeddable":true,"href":"https:\/\/hseguridad.cl\/index.php?rest_route=%2Fwp%2Fv2%2Fproduct_cat&post=1328"},{"taxonomy":"product_tag","embeddable":true,"href":"https:\/\/hseguridad.cl\/index.php?rest_route=%2Fwp%2Fv2%2Fproduct_tag&post=1328"}],"curies":[{"name":"wp","href":"https:\/\/api.w.org\/{rel}","templated":true}]}}