{"id":1034,"date":"2023-07-25T06:28:44","date_gmt":"2023-07-25T04:28:44","guid":{"rendered":"https:\/\/hseguridad.cl\/?post_type=product&#038;p=1034"},"modified":"2023-08-16T11:48:45","modified_gmt":"2023-08-16T15:48:45","slug":"guante-cabritilla-forrado-cromo","status":"publish","type":"product","link":"https:\/\/hseguridad.cl\/?product=guante-cabritilla-forrado-cromo","title":{"rendered":"Guante cabritilla"},"content":{"rendered":"<p>Guante fabricado en cuero cabritilla natural (categor\u00eda A), pu\u00f1o elasticado, con forro interior de algod\u00f3n, talla est\u00e1ndar. Certificado acorde normas Chilenas vigentes por organismo autorizado por el ISP<\/p>\n","protected":false},"excerpt":{"rendered":"<p>Guante Cabritilla Forrado Cromo, Modelo L-210<\/p>\n","protected":false},"featured_media":1299,"comment_status":"open","ping_status":"closed","template":"","meta":{"site-sidebar-layout":"default","site-content-layout":"default","ast-site-content-layout":"","site-content-style":"default","site-sidebar-style":"default","ast-global-header-display":"","ast-banner-title-visibility":"","ast-main-header-display":"","ast-hfb-above-header-display":"","ast-hfb-below-header-display":"","ast-hfb-mobile-header-display":"","site-post-title":"","ast-breadcrumbs-content":"","ast-featured-img":"","footer-sml-layout":"","theme-transparent-header-meta":"default","adv-header-id-meta":"","stick-header-meta":"","header-above-stick-meta":"","header-main-stick-meta":"","header-below-stick-meta":"","astra-migrate-meta-layouts":"default","ast-page-background-enabled":"default","ast-page-background-meta":{"desktop":{"background-color":"","background-image":"","background-repeat":"repeat","background-position":"center center","background-size":"auto","background-attachment":"scroll","background-type":"","background-media":"","overlay-type":"","overlay-color":"","overlay-gradient":""},"tablet":{"background-color":"","background-image":"","background-repeat":"repeat","background-position":"center center","background-size":"auto","background-attachment":"scroll","background-type":"","background-media":"","overlay-type":"","overlay-color":"","overlay-gradient":""},"mobile":{"background-color":"","background-image":"","background-repeat":"repeat","background-position":"center center","background-size":"auto","background-attachment":"scroll","background-type":"","background-media":"","overlay-type":"","overlay-color":"","overlay-gradient":""}},"ast-content-background-meta":{"desktop":{"background-color":"var(--ast-global-color-5)","background-image":"","background-repeat":"repeat","background-position":"center center","background-size":"auto","background-attachment":"scroll","background-type":"","background-media":"","overlay-type":"","overlay-color":"","overlay-gradient":""},"tablet":{"background-color":"var(--ast-global-color-5)","background-image":"","background-repeat":"repeat","background-position":"center center","background-size":"auto","background-attachment":"scroll","background-type":"","background-media":"","overlay-type":"","overlay-color":"","overlay-gradient":""},"mobile":{"background-color":"var(--ast-global-color-5)","background-image":"","background-repeat":"repeat","background-position":"center center","background-size":"auto","background-attachment":"scroll","background-type":"","background-media":"","overlay-type":"","overlay-color":"","overlay-gradient":""}},"_joinchat":[]},"product_cat":[30,17],"product_tag":[],"_links":{"self":[{"href":"https:\/\/hseguridad.cl\/index.php?rest_route=\/wp\/v2\/product\/1034"}],"collection":[{"href":"https:\/\/hseguridad.cl\/index.php?rest_route=\/wp\/v2\/product"}],"about":[{"href":"https:\/\/hseguridad.cl\/index.php?rest_route=\/wp\/v2\/types\/product"}],"replies":[{"embeddable":true,"href":"https:\/\/hseguridad.cl\/index.php?rest_route=%2Fwp%2Fv2%2Fcomments&post=1034"}],"wp:featuredmedia":[{"embeddable":true,"href":"https:\/\/hseguridad.cl\/index.php?rest_route=\/wp\/v2\/media\/1299"}],"wp:attachment":[{"href":"https:\/\/hseguridad.cl\/index.php?rest_route=%2Fwp%2Fv2%2Fmedia&parent=1034"}],"wp:term":[{"taxonomy":"product_cat","embeddable":true,"href":"https:\/\/hseguridad.cl\/index.php?rest_route=%2Fwp%2Fv2%2Fproduct_cat&post=1034"},{"taxonomy":"product_tag","embeddable":true,"href":"https:\/\/hseguridad.cl\/index.php?rest_route=%2Fwp%2Fv2%2Fproduct_tag&post=1034"}],"curies":[{"name":"wp","href":"https:\/\/api.w.org\/{rel}","templated":true}]}}