{"id":3,"date":"2023-07-25T05:11:49","date_gmt":"2023-07-25T03:11:49","guid":{"rendered":"https:\/\/hseguridad.cl\/?page_id=3"},"modified":"2023-08-28T23:10:36","modified_gmt":"2023-08-29T03:10:36","slug":"politica-privacidad","status":"publish","type":"page","link":"https:\/\/hseguridad.cl\/?page_id=3","title":{"rendered":"Pol\u00edtica de privacidad"},"content":{"rendered":"\t\t<div data-elementor-type=\"wp-page\" data-elementor-id=\"3\" class=\"elementor elementor-3\">\n\t\t\t\t\t\t<section class=\"elementor-section elementor-top-section elementor-element elementor-element-783a7050 elementor-section-boxed elementor-section-height-default elementor-section-height-default\" data-id=\"783a7050\" data-element_type=\"section\">\n\t\t\t\t\t\t<div class=\"elementor-container elementor-column-gap-default\">\n\t\t\t\t\t<div class=\"elementor-column elementor-col-100 elementor-top-column elementor-element elementor-element-7cb16c61\" data-id=\"7cb16c61\" data-element_type=\"column\">\n\t\t\t<div class=\"elementor-widget-wrap elementor-element-populated\">\n\t\t\t\t\t\t<div class=\"elementor-element elementor-element-2feb5a45 elementor-widget elementor-widget-text-editor\" data-id=\"2feb5a45\" data-element_type=\"widget\" data-widget_type=\"text-editor.default\">\n\t\t\t\t<div class=\"elementor-widget-container\">\n\t\t\t<style>\/*! elementor - v3.21.0 - 22-05-2024 *\/\n.elementor-widget-text-editor.elementor-drop-cap-view-stacked .elementor-drop-cap{background-color:#69727d;color:#fff}.elementor-widget-text-editor.elementor-drop-cap-view-framed .elementor-drop-cap{color:#69727d;border:3px solid;background-color:transparent}.elementor-widget-text-editor:not(.elementor-drop-cap-view-default) .elementor-drop-cap{margin-top:8px}.elementor-widget-text-editor:not(.elementor-drop-cap-view-default) .elementor-drop-cap-letter{width:1em;height:1em}.elementor-widget-text-editor .elementor-drop-cap{float:left;text-align:center;line-height:1;font-size:50px}.elementor-widget-text-editor .elementor-drop-cap-letter{display:inline-block}<\/style>\t\t\t\t<p><!-- wp:heading --><\/p>\n<p style=\"margin-bottom: 15px; font-style: normal; line-height: 1.6em; color: #2b2a2a; font-family: 'Open Sans', sans-serif; font-size: 14px;\"><span style=\"text-decoration: underline;\"><strong>POL\u00cdTICA DE PRIVACIDAD<\/strong><\/span><\/p>\n<p style=\"margin-bottom: 15px; font-style: normal; line-height: 1.6em; color: #2b2a2a; font-family: 'Open Sans', sans-serif; font-size: 14px; font-weight: 400;\">El nombre, e-mail, RUT, direcci\u00f3n f\u00edsica y n\u00famero telef\u00f3nico de nuestros clientes ser\u00e1 solamente usado para responder preguntas acerca de nuestros productos y servicios y para despachar pedidos. Home Seguridad no vender\u00e1 ni difundir\u00e1 tus datos a terceros. Sin embargo, esta informaci\u00f3n puede ser usada internamente para estad\u00edsticas y para la mejora de productos y servicios ofrecidos en nuestro sitio.<\/p>\n<p style=\"margin-bottom: 15px; font-style: normal; line-height: 1.6em; color: #2b2a2a; font-family: 'Open Sans', sans-serif; font-size: 14px; font-weight: 400;\"><b>\u00a0<\/b><\/p>\n<p style=\"margin-bottom: 15px; font-style: normal; line-height: 1.6em; color: #2b2a2a; font-family: 'Open Sans', sans-serif; font-size: 14px; font-weight: 400;\"><span style=\"text-decoration: underline;\"><b>NEWSLETTERS<\/b><\/span><\/p>\n<p style=\"margin-bottom: 15px; font-style: normal; line-height: 1.6em; color: #2b2a2a; font-family: 'Open Sans', sans-serif; font-size: 14px; font-weight: 400;\">El env\u00edo de correos electr\u00f3nicos se har\u00e1 s\u00f3lo con tu consentimiento y puede detenerse en cualquier momento. Al registrarte en nuestro sitio, puedes optar por recibir e-mails con informaci\u00f3n y promociones de Home Seguridad.<\/p>\n<p style=\"margin-bottom: 15px; font-style: normal; line-height: 1.6em; color: #2b2a2a; font-family: 'Open Sans', sans-serif; font-size: 14px; font-weight: 400;\"><b>\u00a0<\/b><\/p>\n<p style=\"margin-bottom: 15px; font-style: normal; line-height: 1.6em; color: #2b2a2a; font-family: 'Open Sans', sans-serif; font-size: 14px; font-weight: 400;\"><span style=\"text-decoration: underline;\"><b>PROPIEDAD DE LA INFORMACI\u00d3N<\/b><\/span><b><br \/><\/b><\/p>\n<p style=\"margin-bottom: 15px; font-style: normal; line-height: 1.6em; color: #2b2a2a; font-family: 'Open Sans', sans-serif; font-size: 14px; font-weight: 400;\">Todos los textos, im\u00e1genes, logos, \u00edconos, c\u00f3digo fuente y el resto de los contenidos incluidos en este sitio son propiedad de Home Seguridad o, en algunos casos, disponen del derecho de reproducci\u00f3n de los mismos, y en tal sentido se erigen como obras protegidas por la legislaci\u00f3n de propiedad intelectual e industrial vigentes.<\/p>\n<p style=\"margin-bottom: 15px; font-style: normal; line-height: 1.6em; color: #2b2a2a; font-family: 'Open Sans', sans-serif; font-size: 14px; font-weight: 400;\">Los usuarios podr\u00e1n llevar a cabo la reproducci\u00f3n o almacenamiento de los contenidos de Home Seguridad para su exclusivo uso personal, quedando expresa y terminantemente prohibida la reproducci\u00f3n de elementos o contenidos de este website, realizados con \u00e1nimo de lucro o fines comerciales. El mal uso de esta informaci\u00f3n puede resultar en sanciones civiles y penales.<\/p>\n<p style=\"margin-bottom: 15px; font-style: normal; line-height: 1.6em; color: #2b2a2a; font-family: 'Open Sans', sans-serif; font-size: 14px; font-weight: 400;\"><b>\u00a0<\/b><\/p>\n<p style=\"margin-bottom: 15px; font-style: normal; line-height: 1.6em; color: #2b2a2a; font-family: 'Open Sans', sans-serif; font-size: 14px; font-weight: 400;\"><span style=\"text-decoration: underline;\"><b>PROTOCOLO DE SEGURIDAD<\/b><\/span><\/p>\n<p style=\"margin-bottom: 15px; font-style: normal; line-height: 1.6em; color: #2b2a2a; font-family: 'Open Sans', sans-serif; font-size: 14px; font-weight: 400;\">Home Seguridad cuenta con un certificado SSL (Secure Sockets Layer) que asegura, tanto la autenticidad del Sitio, como el cifrado de toda la informaci\u00f3n que nos entrega el usuario.<\/p>\n<p style=\"margin-bottom: 15px; font-style: normal; line-height: 1.6em; color: #2b2a2a; font-family: 'Open Sans', sans-serif; font-size: 14px; font-weight: 400;\">Cada vez que el usuario se registra en el Sitio y entrega informaci\u00f3n de car\u00e1cter personal, a efectos de comprar un producto, el navegador por el cual ejecuta el acto se conecta al Sitio a trav\u00e9s del protocolo SSL que acredita que el usuario se encuentra efectivamente en el Sitio y en nuestros servidores (lo cual se aprecia con la aparici\u00f3n del c\u00f3digo HTTPS en la barra de direcciones del navegador).<\/p>\n<p style=\"margin-bottom: 15px; font-style: normal; line-height: 1.6em; color: #2b2a2a; font-family: 'Open Sans', sans-serif; font-size: 14px; font-weight: 400;\">De esta forma se establece un m\u00e9todo de cifrado de la informaci\u00f3n entregada por el usuario y una clave de sesi\u00f3n \u00fanica. Esta tecnolog\u00eda permite que la informaci\u00f3n de car\u00e1cter personal del usuario, como su nombre, direcci\u00f3n y datos de tarjetas bancarias, sean codificadas antes para que no pueda ser le\u00edda cuando viaja a trav\u00e9s de Internet. Todos los certificados SSL se crean para un servidor particular, en un dominio espec\u00edfico y para una entidad comercial comprobada.<\/p>\n<p style=\"margin-bottom: 15px; font-style: normal; line-height: 1.6em; color: #2b2a2a; font-family: 'Open Sans', sans-serif; font-size: 14px; font-weight: 400;\">\u00a0<\/p>\n<p style=\"margin-bottom: 15px; font-style: normal; line-height: 1.6em; color: #2b2a2a; font-family: 'Open Sans', sans-serif; font-size: 14px; font-weight: 400;\">\u00a0<\/p>\n<p><!-- \/wp:paragraph --><\/p>\t\t\t\t\t\t<\/div>\n\t\t\t\t<\/div>\n\t\t\t\t<div class=\"elementor-element elementor-element-661372b elementor-widget elementor-widget-image\" data-id=\"661372b\" data-element_type=\"widget\" data-widget_type=\"image.default\">\n\t\t\t\t<div class=\"elementor-widget-container\">\n\t\t\t<style>\/*! elementor - v3.21.0 - 22-05-2024 *\/\n.elementor-widget-image{text-align:center}.elementor-widget-image a{display:inline-block}.elementor-widget-image a img[src$=\".svg\"]{width:48px}.elementor-widget-image img{vertical-align:middle;display:inline-block}<\/style>\t\t\t\t\t\t\t\t\t\t<img decoding=\"async\" width=\"150\" height=\"150\" src=\"https:\/\/hseguridad.cl\/wp-content\/uploads\/2023\/07\/cropped-2-1-150x150.png\" class=\"attachment-thumbnail size-thumbnail wp-image-1082\" alt=\"\" srcset=\"https:\/\/hseguridad.cl\/wp-content\/uploads\/2023\/07\/cropped-2-1-150x150.png 150w, https:\/\/hseguridad.cl\/wp-content\/uploads\/2023\/07\/cropped-2-1-300x300.png 300w, https:\/\/hseguridad.cl\/wp-content\/uploads\/2023\/07\/cropped-2-1-100x100.png 100w, https:\/\/hseguridad.cl\/wp-content\/uploads\/2023\/07\/cropped-2-1-270x270.png 270w, https:\/\/hseguridad.cl\/wp-content\/uploads\/2023\/07\/cropped-2-1-192x192.png 192w, https:\/\/hseguridad.cl\/wp-content\/uploads\/2023\/07\/cropped-2-1-180x180.png 180w, https:\/\/hseguridad.cl\/wp-content\/uploads\/2023\/07\/cropped-2-1-32x32.png 32w, https:\/\/hseguridad.cl\/wp-content\/uploads\/2023\/07\/cropped-2-1.png 512w\" sizes=\"(max-width: 150px) 100vw, 150px\" \/>\t\t\t\t\t\t\t\t\t\t\t\t\t<\/div>\n\t\t\t\t<\/div>\n\t\t\t\t\t<\/div>\n\t\t<\/div>\n\t\t\t\t\t<\/div>\n\t\t<\/section>\n\t\t\t\t<\/div>\n\t\t","protected":false},"excerpt":{"rendered":"<p>POL\u00cdTICA DE PRIVACIDAD El nombre, e-mail, RUT, direcci\u00f3n f\u00edsica y n\u00famero telef\u00f3nico de nuestros clientes ser\u00e1 solamente usado para responder preguntas acerca de nuestros productos y servicios y para despachar pedidos. Home Seguridad no vender\u00e1 ni difundir\u00e1 tus datos a terceros. Sin embargo, esta informaci\u00f3n puede ser usada internamente para estad\u00edsticas y para la mejora [&hellip;]<\/p>\n","protected":false},"author":1,"featured_media":0,"parent":0,"menu_order":0,"comment_status":"closed","ping_status":"open","template":"","meta":{"site-sidebar-layout":"default","site-content-layout":"","ast-site-content-layout":"","site-content-style":"default","site-sidebar-style":"default","ast-global-header-display":"","ast-banner-title-visibility":"","ast-main-header-display":"","ast-hfb-above-header-display":"","ast-hfb-below-header-display":"","ast-hfb-mobile-header-display":"","site-post-title":"","ast-breadcrumbs-content":"","ast-featured-img":"","footer-sml-layout":"","theme-transparent-header-meta":"","adv-header-id-meta":"","stick-header-meta":"","header-above-stick-meta":"","header-main-stick-meta":"","header-below-stick-meta":"","astra-migrate-meta-layouts":"default","ast-page-background-enabled":"default","ast-page-background-meta":{"desktop":{"background-color":"","background-image":"","background-repeat":"repeat","background-position":"center center","background-size":"auto","background-attachment":"scroll","background-type":"","background-media":"","overlay-type":"","overlay-color":"","overlay-gradient":""},"tablet":{"background-color":"","background-image":"","background-repeat":"repeat","background-position":"center center","background-size":"auto","background-attachment":"scroll","background-type":"","background-media":"","overlay-type":"","overlay-color":"","overlay-gradient":""},"mobile":{"background-color":"","background-image":"","background-repeat":"repeat","background-position":"center center","background-size":"auto","background-attachment":"scroll","background-type":"","background-media":"","overlay-type":"","overlay-color":"","overlay-gradient":""}},"ast-content-background-meta":{"desktop":{"background-color":"var(--ast-global-color-5)","background-image":"","background-repeat":"repeat","background-position":"center center","background-size":"auto","background-attachment":"scroll","background-type":"","background-media":"","overlay-type":"","overlay-color":"","overlay-gradient":""},"tablet":{"background-color":"var(--ast-global-color-5)","background-image":"","background-repeat":"repeat","background-position":"center center","background-size":"auto","background-attachment":"scroll","background-type":"","background-media":"","overlay-type":"","overlay-color":"","overlay-gradient":""},"mobile":{"background-color":"var(--ast-global-color-5)","background-image":"","background-repeat":"repeat","background-position":"center center","background-size":"auto","background-attachment":"scroll","background-type":"","background-media":"","overlay-type":"","overlay-color":"","overlay-gradient":""}},"_joinchat":[],"footnotes":""},"_links":{"self":[{"href":"https:\/\/hseguridad.cl\/index.php?rest_route=\/wp\/v2\/pages\/3"}],"collection":[{"href":"https:\/\/hseguridad.cl\/index.php?rest_route=\/wp\/v2\/pages"}],"about":[{"href":"https:\/\/hseguridad.cl\/index.php?rest_route=\/wp\/v2\/types\/page"}],"author":[{"embeddable":true,"href":"https:\/\/hseguridad.cl\/index.php?rest_route=\/wp\/v2\/users\/1"}],"replies":[{"embeddable":true,"href":"https:\/\/hseguridad.cl\/index.php?rest_route=%2Fwp%2Fv2%2Fcomments&post=3"}],"version-history":[{"count":6,"href":"https:\/\/hseguridad.cl\/index.php?rest_route=\/wp\/v2\/pages\/3\/revisions"}],"predecessor-version":[{"id":1761,"href":"https:\/\/hseguridad.cl\/index.php?rest_route=\/wp\/v2\/pages\/3\/revisions\/1761"}],"wp:attachment":[{"href":"https:\/\/hseguridad.cl\/index.php?rest_route=%2Fwp%2Fv2%2Fmedia&parent=3"}],"curies":[{"name":"wp","href":"https:\/\/api.w.org\/{rel}","templated":true}]}}